{"id":12,"date":"2011-08-15T06:10:43","date_gmt":"2011-08-15T06:10:43","guid":{"rendered":"http:\/\/www.mid07.com\/?page_id=12"},"modified":"2011-08-17T13:56:23","modified_gmt":"2011-08-17T13:56:23","slug":"%d0%b3%d0%bb%d0%b0%d0%b2%d0%bd%d0%b0%d1%8f","status":"publish","type":"page","link":"https:\/\/mid07.com\/tr\/","title":{"rendered":"Ba\u015flang\u0131\u00e7"},"content":{"rendered":"<p><a href=\"https:\/\/i2.wp.com\/www.mid07.com\/wp-content\/uploads\/2011\/08\/mid1.png\"><img data-attachment-id=\"121\" data-permalink=\"https:\/\/mid07.com\/tr\/hhmidov-memories1\/mid1-3\/\" data-orig-file=\"https:\/\/i2.wp.com\/mid07.com\/wp-content\/uploads\/2011\/08\/mid1.png?fit=242%2C177&amp;ssl=1\" data-orig-size=\"242,177\" data-comments-opened=\"1\" data-image-meta=\"{&quot;aperture&quot;:&quot;0&quot;,&quot;credit&quot;:&quot;&quot;,&quot;camera&quot;:&quot;&quot;,&quot;caption&quot;:&quot;&quot;,&quot;created_timestamp&quot;:&quot;0&quot;,&quot;copyright&quot;:&quot;&quot;,&quot;focal_length&quot;:&quot;0&quot;,&quot;iso&quot;:&quot;0&quot;,&quot;shutter_speed&quot;:&quot;0&quot;,&quot;title&quot;:&quot;&quot;}\" data-image-title=\"mid1\" data-image-description=\"\" data-medium-file=\"https:\/\/i2.wp.com\/mid07.com\/wp-content\/uploads\/2011\/08\/mid1.png?fit=242%2C177&amp;ssl=1\" data-large-file=\"https:\/\/i2.wp.com\/mid07.com\/wp-content\/uploads\/2011\/08\/mid1.png?fit=242%2C177&amp;ssl=1\" loading=\"lazy\" class=\"alignleft size-full wp-image-121\" title=\"mid1\" src=\"https:\/\/i2.wp.com\/www.mid07.com\/wp-content\/uploads\/2011\/08\/mid1.png?resize=242%2C177\" alt=\"\" data-recalc-dims=\"1\" \/><\/a><\/p>\n<p>Biz bu siteye aile ad\u0131 MID b\u00fct\u00fcn sahipleri davet, asl\u0131nda bu aile ad\u0131 olan herkese, MID, bizim aile, ge\u00e7mi\u015fi ve g\u00fcn\u00fcm\u00fcze ilgilenen kim akraba ve t\u00fcm bu!<br \/>\nBizim Aile Birli\u011fi slogan\u0131, &#8220;Dyzeguseme dyleschsch\u00bb &#8211; birlikte \u00abg\u00fc\u00e7l\u00fc\u00bb &#8211; \u00abBizim g\u00fcc\u00fcm\u00fcz birlik i\u00e7inde yat\u0131yor!&#8221; Do\u011fru zamanda birbirlerine destek olma yetene\u011fi!<br \/>\nBizim sivil toplum \u00f6rg\u00fct\u00fc, 2004 y\u0131l\u0131nda kurulan ve zor durumlarda kendi \u00fcyelerinin \u00e7\u0131karlar\u0131n\u0131 temsil etmek m\u00fcmk\u00fcn. B\u00f6yle bir deneyim, biz zaten var. Bug\u00fcn Kabardey-Balkar Cumhuriyeti (KBC), MID aile, temsilcileri bin ki\u015fi ya\u015fad\u0131\u011f\u0131n\u0131 biliyoruz. Kislovodsk (- Abykue Hable eski k\u00f6y Abukovo) kasabas\u0131 yak\u0131nlar\u0131ndaki bir k\u00f6yde Pervomajskoe, Kara\u00e7ay-\u00c7erkes, KBC d\u0131\u015f\u0131nda soyad\u0131 En yak\u0131n sahipleri bulunmaktad\u0131r. Bir s\u00fcr\u00fc aile ad\u0131, Nijni Novgorod ve Nijni Novgorod b\u00f6lgesi Stovskij il\u00e7e (Rusya) MID hayat\u0131m\u0131z\u0131n ta\u015f\u0131y\u0131c\u0131, k\u00f6y Serkovo ve k\u00f6y Baturov. Biz, Yaroslavl ve Moskova&#8217;da ya\u015fayan MID biliyoruz. T\u00fcrkiye&#8217;nin yurtd\u0131\u015f\u0131ndaki yak\u0131nlar\u0131n\u0131n en b\u00fcy\u00fck say\u0131 bulunur. MID, MIT, MIDAZ soyad\u0131 ve Abaza halk\u0131n\u0131n kendilerini ili\u015fkilendirmek. Onlarla temas halindedirler.Ad\u0131 MID Bulgaristan bulu\u015ftu bilgi yoktur. San Francisco (ABD), Stockholm (\u0130sve\u00e7), bizim i\u00e7in \u00e7ok yak\u0131n akrabalar\u0131 ya\u015f\u0131yor.<br \/>\nBir\u00e7ok tarihsel kay\u0131tlar ailemizin Abaza k\u00f6kenli onaylay\u0131n. G\u00f6r\u00fcn\u00fc\u015fe g\u00f6re, biz, KBR MID &#8211; \u00c7erkesler (Kabardeyler) &#8211; Abaza k\u00f6kene sahip. Kabardey ailemizin soyad\u0131 MYD olarak geliyor. Rus\u00e7a \u00e7evirisi &#8211; MID ve yaz\u0131l\u0131 ortak Rus formu MIDOV (bir kad\u0131n i\u00e7in MIDOVA). Atalar\u0131m\u0131z surnmae MIDOV (MYD) KBC ikamet eden t\u00fcm sahipleri, ortak bir k\u00f6kene sahip oldu\u011funu iddia etmi\u015ftir.<br \/>\nBiz bizim birlik katk\u0131da bulunmak i\u00e7in ya\u015fam yeri ne olursa olsun, aile ismi MID ve ailenin torunlar\u0131 kendilerini d\u00fc\u015f\u00fcn\u00fcn insanlar ta\u015f\u0131y\u0131c\u0131lar\u0131 \u00e7a\u011f\u0131r\u0131yoruz!<\/p>","protected":false},"excerpt":{"rendered":"<p>Biz bu siteye aile ad\u0131 MID b\u00fct\u00fcn sahipleri davet, asl\u0131nda bu aile ad\u0131 olan herkese, MID, bizim aile, ge\u00e7mi\u015fi ve g\u00fcn\u00fcm\u00fcze ilgilenen kim akraba ve t\u00fcm bu! Bizim Aile Birli\u011fi slogan\u0131, &#8220;Dyzeguseme dyleschsch\u00bb &#8211;&#46;&#46;&#46;<\/p>\n","protected":false},"author":1,"featured_media":0,"parent":0,"menu_order":0,"comment_status":"open","ping_status":"closed","template":"","meta":[],"_links":{"self":[{"href":"https:\/\/mid07.com\/tr\/wp-json\/wp\/v2\/pages\/12"}],"collection":[{"href":"https:\/\/mid07.com\/tr\/wp-json\/wp\/v2\/pages"}],"about":[{"href":"https:\/\/mid07.com\/tr\/wp-json\/wp\/v2\/types\/page"}],"author":[{"embeddable":true,"href":"https:\/\/mid07.com\/tr\/wp-json\/wp\/v2\/users\/1"}],"replies":[{"embeddable":true,"href":"https:\/\/mid07.com\/tr\/wp-json\/wp\/v2\/comments?post=12"}],"version-history":[{"count":15,"href":"https:\/\/mid07.com\/tr\/wp-json\/wp\/v2\/pages\/12\/revisions"}],"predecessor-version":[{"id":185,"href":"https:\/\/mid07.com\/tr\/wp-json\/wp\/v2\/pages\/12\/revisions\/185"}],"wp:attachment":[{"href":"https:\/\/mid07.com\/tr\/wp-json\/wp\/v2\/media?parent=12"}],"curies":[{"name":"wp","href":"https:\/\/api.w.org\/{rel}","templated":true}]}}