{"id":400,"date":"2017-02-23T08:27:20","date_gmt":"2017-02-23T08:27:20","guid":{"rendered":"http:\/\/www.mid07.com\/?page_id=400"},"modified":"2017-03-29T07:06:40","modified_gmt":"2017-03-29T07:06:40","slug":"%d0%b7%d0%b0%d1%85%d1%83%d1%8d%d1%81-2017","status":"publish","type":"page","link":"https:\/\/mid07.com\/tr\/%d0%b7%d0%b0%d1%85%d1%83%d1%8d%d1%81-2017\/","title":{"rendered":"(\u0420\u0443\u0441\u0441\u043a\u0438\u0439) \u0417\u0430\u0445\u0443\u044d\u0441 2017"},"content":{"rendered":"<p class=\"qtranxs-available-languages-message qtranxs-available-languages-message-tr\">\u00dczg\u00fcn\u00fcz, bu giri\u015fin T\u00fcrk\u00e7e mevcut de\u011fildir<\/p>","protected":false},"excerpt":{"rendered":"<p>\u00dczg\u00fcn\u00fcz, bu giri\u015fin T\u00fcrk\u00e7e mevcut de\u011fildir<\/p>\n","protected":false},"author":1,"featured_media":0,"parent":0,"menu_order":0,"comment_status":"closed","ping_status":"closed","template":"","meta":[],"_links":{"self":[{"href":"https:\/\/mid07.com\/tr\/wp-json\/wp\/v2\/pages\/400"}],"collection":[{"href":"https:\/\/mid07.com\/tr\/wp-json\/wp\/v2\/pages"}],"about":[{"href":"https:\/\/mid07.com\/tr\/wp-json\/wp\/v2\/types\/page"}],"author":[{"embeddable":true,"href":"https:\/\/mid07.com\/tr\/wp-json\/wp\/v2\/users\/1"}],"replies":[{"embeddable":true,"href":"https:\/\/mid07.com\/tr\/wp-json\/wp\/v2\/comments?post=400"}],"version-history":[{"count":4,"href":"https:\/\/mid07.com\/tr\/wp-json\/wp\/v2\/pages\/400\/revisions"}],"predecessor-version":[{"id":539,"href":"https:\/\/mid07.com\/tr\/wp-json\/wp\/v2\/pages\/400\/revisions\/539"}],"wp:attachment":[{"href":"https:\/\/mid07.com\/tr\/wp-json\/wp\/v2\/media?parent=400"}],"curies":[{"name":"wp","href":"https:\/\/api.w.org\/{rel}","templated":true}]}}