{"id":43,"date":"2011-08-16T14:18:18","date_gmt":"2011-08-16T14:18:18","guid":{"rendered":"http:\/\/www.mid07.com\/?page_id=43"},"modified":"2017-02-27T15:02:28","modified_gmt":"2017-02-27T15:02:28","slug":"links","status":"publish","type":"page","link":"https:\/\/mid07.com\/tr\/links\/","title":{"rendered":"Ba\u011flant\u0131lar"},"content":{"rendered":"<p class=\"qtranxs-available-languages-message qtranxs-available-languages-message-tr\">\u00dczg\u00fcn\u00fcz, bu giri\u015fin T\u00fcrk\u00e7e mevcut de\u011fildir<\/p>","protected":false},"excerpt":{"rendered":"<p>\u00dczg\u00fcn\u00fcz, bu giri\u015fin T\u00fcrk\u00e7e mevcut de\u011fildir<\/p>\n","protected":false},"author":1,"featured_media":0,"parent":0,"menu_order":6,"comment_status":"open","ping_status":"closed","template":"","meta":[],"_links":{"self":[{"href":"https:\/\/mid07.com\/tr\/wp-json\/wp\/v2\/pages\/43"}],"collection":[{"href":"https:\/\/mid07.com\/tr\/wp-json\/wp\/v2\/pages"}],"about":[{"href":"https:\/\/mid07.com\/tr\/wp-json\/wp\/v2\/types\/page"}],"author":[{"embeddable":true,"href":"https:\/\/mid07.com\/tr\/wp-json\/wp\/v2\/users\/1"}],"replies":[{"embeddable":true,"href":"https:\/\/mid07.com\/tr\/wp-json\/wp\/v2\/comments?post=43"}],"version-history":[{"count":9,"href":"https:\/\/mid07.com\/tr\/wp-json\/wp\/v2\/pages\/43\/revisions"}],"predecessor-version":[{"id":497,"href":"https:\/\/mid07.com\/tr\/wp-json\/wp\/v2\/pages\/43\/revisions\/497"}],"wp:attachment":[{"href":"https:\/\/mid07.com\/tr\/wp-json\/wp\/v2\/media?parent=43"}],"curies":[{"name":"wp","href":"https:\/\/api.w.org\/{rel}","templated":true}]}}