{"id":49,"date":"2011-08-16T14:54:06","date_gmt":"2011-08-16T14:54:06","guid":{"rendered":"http:\/\/www.mid07.com\/?page_id=49"},"modified":"2017-02-27T15:02:11","modified_gmt":"2017-02-27T15:02:11","slug":"contacts","status":"publish","type":"page","link":"https:\/\/mid07.com\/tr\/contacts\/","title":{"rendered":"Rehber"},"content":{"rendered":"<p class=\"qtranxs-available-languages-message qtranxs-available-languages-message-tr\">\u00dczg\u00fcn\u00fcz, bu giri\u015fin T\u00fcrk\u00e7e mevcut de\u011fildir<\/p>","protected":false},"excerpt":{"rendered":"<p>\u00dczg\u00fcn\u00fcz, bu giri\u015fin T\u00fcrk\u00e7e mevcut de\u011fildir<\/p>\n","protected":false},"author":1,"featured_media":0,"parent":0,"menu_order":7,"comment_status":"open","ping_status":"open","template":"","meta":[],"_links":{"self":[{"href":"https:\/\/mid07.com\/tr\/wp-json\/wp\/v2\/pages\/49"}],"collection":[{"href":"https:\/\/mid07.com\/tr\/wp-json\/wp\/v2\/pages"}],"about":[{"href":"https:\/\/mid07.com\/tr\/wp-json\/wp\/v2\/types\/page"}],"author":[{"embeddable":true,"href":"https:\/\/mid07.com\/tr\/wp-json\/wp\/v2\/users\/1"}],"replies":[{"embeddable":true,"href":"https:\/\/mid07.com\/tr\/wp-json\/wp\/v2\/comments?post=49"}],"version-history":[{"count":7,"href":"https:\/\/mid07.com\/tr\/wp-json\/wp\/v2\/pages\/49\/revisions"}],"predecessor-version":[{"id":495,"href":"https:\/\/mid07.com\/tr\/wp-json\/wp\/v2\/pages\/49\/revisions\/495"}],"wp:attachment":[{"href":"https:\/\/mid07.com\/tr\/wp-json\/wp\/v2\/media?parent=49"}],"curies":[{"name":"wp","href":"https:\/\/api.w.org\/{rel}","templated":true}]}}