{"id":54,"date":"2011-08-16T15:16:02","date_gmt":"2011-08-16T15:16:02","guid":{"rendered":"http:\/\/www.mid07.com\/?page_id=54"},"modified":"2017-02-27T14:59:08","modified_gmt":"2017-02-27T14:59:08","slug":"origin","status":"publish","type":"page","link":"https:\/\/mid07.com\/tr\/origin\/","title":{"rendered":"K\u00f6ken"},"content":{"rendered":"<p class=\"qtranxs-available-languages-message qtranxs-available-languages-message-tr\">\u00dczg\u00fcn\u00fcz, bu giri\u015fin T\u00fcrk\u00e7e mevcut de\u011fildir<\/p>","protected":false},"excerpt":{"rendered":"<p>\u00dczg\u00fcn\u00fcz, bu giri\u015fin T\u00fcrk\u00e7e mevcut de\u011fildir<\/p>\n","protected":false},"author":1,"featured_media":0,"parent":0,"menu_order":4,"comment_status":"open","ping_status":"open","template":"","meta":[],"_links":{"self":[{"href":"https:\/\/mid07.com\/tr\/wp-json\/wp\/v2\/pages\/54"}],"collection":[{"href":"https:\/\/mid07.com\/tr\/wp-json\/wp\/v2\/pages"}],"about":[{"href":"https:\/\/mid07.com\/tr\/wp-json\/wp\/v2\/types\/page"}],"author":[{"embeddable":true,"href":"https:\/\/mid07.com\/tr\/wp-json\/wp\/v2\/users\/1"}],"replies":[{"embeddable":true,"href":"https:\/\/mid07.com\/tr\/wp-json\/wp\/v2\/comments?post=54"}],"version-history":[{"count":6,"href":"https:\/\/mid07.com\/tr\/wp-json\/wp\/v2\/pages\/54\/revisions"}],"predecessor-version":[{"id":489,"href":"https:\/\/mid07.com\/tr\/wp-json\/wp\/v2\/pages\/54\/revisions\/489"}],"wp:attachment":[{"href":"https:\/\/mid07.com\/tr\/wp-json\/wp\/v2\/media?parent=54"}],"curies":[{"name":"wp","href":"https:\/\/api.w.org\/{rel}","templated":true}]}}